{"id":47,"date":"2023-08-27T00:04:44","date_gmt":"2023-08-26T22:04:44","guid":{"rendered":"https:\/\/deutsche-pinscher-vom-treenevalley.de\/?page_id=47"},"modified":"2023-08-27T00:12:00","modified_gmt":"2023-08-26T22:12:00","slug":"ueber-uns","status":"publish","type":"page","link":"https:\/\/deutsche-pinscher-vom-treenevalley.de\/?page_id=47","title":{"rendered":"\u00dcber uns"},"content":{"rendered":"\n<p>Wir, die Familie Maj: mein Mann, zwei T\u00f6chtern und mir. Zusammen wohnen wir mit unseren H\u00fcndinen Pia und Aila (Nachzucht A-Wurf) und zwei Griechischen Schildkr\u00f6ten in einem Haus mit Garten im Herzen von Schleswig-Holstein mitten zwischen Nord- und Ostsee.\u00a0<\/p>\n\n\n\n<p>Unsere Haustiere sind der wichtigste Bestandteil in unserem t\u00e4glichen Leben. Unser Haus am Rand des Dorfes bietet sehr viele M\u00f6glichkeiten f\u00fcr Wald- und Feldspazierg\u00e4nge. Die n\u00e4he zu Nord- und Ostsee nutzen wir oft f\u00fcr gemeinsame Strandausfl\u00fcge.<\/p>\n\n\n\n<p>Wir sind alle begeisterte Hundeliebhaber und als &#8222;Neuz\u00fcchter&#8220; und wollen die Rasse der Deutschen Pinscher weiter am Leben erhalten.<br>Mitglied und Z\u00fcchter in PSK e.V. 1895 sowie eingetragener Z\u00fcchter im VDH und FCI.<\/p>\n","protected":false},"excerpt":{"rendered":"<p>Wir, die Familie Maj: mein Mann, zwei T\u00f6chtern und mir. Zusammen wohnen wir mit unseren H\u00fcndinen Pia und Aila (Nachzucht A-Wurf) und zwei Griechischen Schildkr\u00f6ten&hellip;<\/p>\n","protected":false},"author":1,"featured_media":0,"parent":0,"menu_order":0,"comment_status":"closed","ping_status":"closed","template":"","meta":{"footnotes":""},"class_list":["post-47","page","type-page","status-publish","hentry","no-post-thumbnail"],"_links":{"self":[{"href":"https:\/\/deutsche-pinscher-vom-treenevalley.de\/index.php?rest_route=\/wp\/v2\/pages\/47","targetHints":{"allow":["GET"]}}],"collection":[{"href":"https:\/\/deutsche-pinscher-vom-treenevalley.de\/index.php?rest_route=\/wp\/v2\/pages"}],"about":[{"href":"https:\/\/deutsche-pinscher-vom-treenevalley.de\/index.php?rest_route=\/wp\/v2\/types\/page"}],"author":[{"embeddable":true,"href":"https:\/\/deutsche-pinscher-vom-treenevalley.de\/index.php?rest_route=\/wp\/v2\/users\/1"}],"replies":[{"embeddable":true,"href":"https:\/\/deutsche-pinscher-vom-treenevalley.de\/index.php?rest_route=%2Fwp%2Fv2%2Fcomments&post=47"}],"version-history":[{"count":3,"href":"https:\/\/deutsche-pinscher-vom-treenevalley.de\/index.php?rest_route=\/wp\/v2\/pages\/47\/revisions"}],"predecessor-version":[{"id":76,"href":"https:\/\/deutsche-pinscher-vom-treenevalley.de\/index.php?rest_route=\/wp\/v2\/pages\/47\/revisions\/76"}],"wp:attachment":[{"href":"https:\/\/deutsche-pinscher-vom-treenevalley.de\/index.php?rest_route=%2Fwp%2Fv2%2Fmedia&parent=47"}],"curies":[{"name":"wp","href":"https:\/\/api.w.org\/{rel}","templated":true}]}}